{"id":240,"date":"2023-02-20T15:19:47","date_gmt":"2023-02-20T14:19:47","guid":{"rendered":"https:\/\/website.pa-online.it\/tradate\/?page_id=240"},"modified":"2023-04-11T15:53:51","modified_gmt":"2023-04-11T13:53:51","slug":"cookie","status":"publish","type":"page","link":"https:\/\/website.pa-online.it\/tradate\/cookie\/","title":{"rendered":"Cookie"},"content":{"rendered":"<p><a href=\"#cookiesAndContentPolicySettings\">Impostazioni Cookie<\/a><\/p>\n<ul>\n<li><strong>DATI DI NAVIGAZIONE E COOKIE<br \/>\n<\/strong>I sistemi informatici e le procedure software preposte al funzionamento di questo sito web acquisiscono, nel corso del loro normale esercizio alcuni dati personali la cui trasmissione \u00e8 implicita nell\u2019uso dei protocolli di comunicazione di Internet. Si tratta di informazioni che non sono raccolte per essere associate a interessati identificati, ma che per loro stessa natura potrebbero, attraverso elaborazioni ed associazioni con dati detenuti da terzi, permettere di identificare gli utenti. In questa categoria di dati rientrano gli indirizzi IP o i nomi a dominio dei computer utilizzati dagli utenti che si connettono al sito, gli indirizzi in notazione URI (Uniform Resource Identifier) delle risorse richieste, l\u2019orario della richiesta, il metodo utilizzato nel sottoporre la richiesta al server, la dimensione del file ottenuto in risposta, il codice numerico indicante lo stato della risposta data dal server (buon fine, errore, ecc..) ed altri parametri relativi al sistema operativo e all\u2019ambiente informatico dell\u2019utente. Questi dati vengono utilizzati al solo fine di ricavare informazioni statistiche anonime sull\u2019uso del sito e per controllarne il corretto funzionamento e vengono cancellati immediatamente dopo l\u2019elaborazione. I dati potrebbero essere utilizzati per l\u2019accertamento di responsabilit\u00e0 in caso di ipotetici reati informatici ai danni del sito.<\/li>\n<\/ul>\n<p>&nbsp;<\/p>\n<ul>\n<li><strong>TIPOLOGIA DI COOKIE<br \/>\n<\/strong>I cookie sono informazioni immesse sul browser dell\u2019utente quando visita un sito web o utilizza un social network con il suo pc, smartphone o tablet. Ogni cookie contiene diversi dati come, ad esempio, il nome del server da cui proviene, un identificatore numerico, ecc. I cookie possono rimanere nel sistema per la durata di una sessione (cio\u00e8 fino a che non si chiude il browser utilizzato per la navigazione sul web) o per lunghi periodi e possono contenere un codice identificativo unico.<br \/>\nL\u2019utilizzo di cookies tecnici \u00e8 un trattamento effettuato nel legittimo interesse del Titolare; l\u2019utilizzo di cookies di altro genere viene effettuato con il consenso dell\u2019interessato. Quest\u2019ultimo, inoltre, pu\u00f2 rifiutarsi di conferire al Titolare i suoi dati di navigazione. Per fare ci\u00f2, deve utilizzare la procedura disponibile al link indicato a fondo pagina. La disabilitazione dei cookies pu\u00f2 peggiore la navigazione e la fruizione delle funzionalit\u00e0 del sito.<\/li>\n<\/ul>\n<p>&nbsp;<\/p>\n<ul>\n<li><strong>Cookie tecnici<br \/>\n<\/strong>Alcuni cookie sono usati per eseguire autenticazioni informatiche, monitoraggio di sessioni e memorizzazione di informazioni specifiche sugli utenti che accedono ad una pagina web. Questi cookie, cosiddetti tecnici, sono spesso utili, perch\u00e9 possono rendere pi\u00f9 veloce e rapida la navigazione e fruizione del web, perch\u00e9 ad esempio intervengono a facilitare alcune procedure quando si fanno acquisti online, quando ci si autentica ad aree ad accesso riservato o quando un sito web riconosce in automatico la lingua che si utilizza di solito. Una particolare tipologia di cookie, detti analytics, \u00e8 utilizzata dai gestori dei siti web per raccogliere informazioni, in forma aggregata, sul numero degli utenti e su come questi visitano il sito stesso, e quindi elaborare statistiche generali sul servizio e sul suo utilizzo.<\/li>\n<\/ul>\n","protected":false},"excerpt":{"rendered":"<p>Impostazioni Cookie DATI DI NAVIGAZIONE E COOKIE I sistemi informatici e le procedure software preposte al funzionamento di questo sito web acquisiscono, nel corso del loro normale esercizio alcuni dati personali la cui trasmissione \u00e8 implicita [&hellip;]<\/p>\n","protected":false},"author":1,"featured_media":0,"parent":0,"menu_order":0,"comment_status":"closed","ping_status":"closed","template":"","meta":{"_lmt_disableupdate":"","_lmt_disable":"","footnotes":""},"class_list":["post-240","page","type-page","status-publish","hentry"],"aioseo_notices":[],"publishpress_future_action":{"enabled":false,"date":"2026-04-15 19:46:27","action":"change-status","newStatus":"draft","terms":[],"taxonomy":"","extraData":[]},"publishpress_future_workflow_manual_trigger":{"enabledWorkflows":[]},"_links":{"self":[{"href":"https:\/\/website.pa-online.it\/tradate\/wp-json\/wp\/v2\/pages\/240","targetHints":{"allow":["GET"]}}],"collection":[{"href":"https:\/\/website.pa-online.it\/tradate\/wp-json\/wp\/v2\/pages"}],"about":[{"href":"https:\/\/website.pa-online.it\/tradate\/wp-json\/wp\/v2\/types\/page"}],"author":[{"embeddable":true,"href":"https:\/\/website.pa-online.it\/tradate\/wp-json\/wp\/v2\/users\/1"}],"replies":[{"embeddable":true,"href":"https:\/\/website.pa-online.it\/tradate\/wp-json\/wp\/v2\/comments?post=240"}],"version-history":[{"count":2,"href":"https:\/\/website.pa-online.it\/tradate\/wp-json\/wp\/v2\/pages\/240\/revisions"}],"predecessor-version":[{"id":1421,"href":"https:\/\/website.pa-online.it\/tradate\/wp-json\/wp\/v2\/pages\/240\/revisions\/1421"}],"wp:attachment":[{"href":"https:\/\/website.pa-online.it\/tradate\/wp-json\/wp\/v2\/media?parent=240"}],"curies":[{"name":"wp","href":"https:\/\/api.w.org\/{rel}","templated":true}]}}