{"id":2265,"date":"2024-02-29T15:22:16","date_gmt":"2024-02-29T14:22:16","guid":{"rendered":"https:\/\/website.pa-online.it\/introd\/?page_id=2265"},"modified":"2024-03-05T21:07:17","modified_gmt":"2024-03-05T20:07:17","slug":"ponti","status":"publish","type":"page","link":"https:\/\/website.pa-online.it\/introd\/vivere-il-comune\/turismo\/ponti\/","title":{"rendered":"Ponti"},"content":{"rendered":"<p>Il capoluogo \u00e8 legato ai villaggi a valle da due ponti costruiti sulla dora di Rh\u00eames.<\/p>\n<h2><strong>Lo pon no\u00f9<\/strong>\u00a0(il ponte nuovo)<\/h2>\n<p>\u201cEffort uni d\u2019habitants, valeur des repr\u00e9sentants M. Chev. J, Bruil syndic \u2013 G. Rattone d\u00e9put\u00e9, dou\u00e8rent la commune d\u2019Introd de cette remarquable construction\u2026 \u201c<\/p>\n<p>Realizzato nel corso della prima guerra mondiale, su un baratro di pi\u00f9 di 80m, l\u00ec dove circa mezzo secolo prima l\u2019aveva auspicato George Brunet, un abitante di Introd molto originale, questo ponte \u00e8 un vero capolavoro di architettura. I lavori di costruzione cominciarono il 5 luglio 1915 e terminarono all\u2019incirca un anno dopo. Per l\u2019enorme impalcatura di legno, di 8m di larghezza e 34m di lunghezza, furono usati dei tronchi d\u2019albero interi. Le pietre utilizzate per questa opera sono state estratte nel vicino villaggio del Norat.<\/p>\n<h2><strong>Lo pon vio\u00f9<\/strong>\u00a0(il ponte vecchio)<\/h2>\n<p>Questo ponte in pietra fu realizzato tra gli anni 1827-28. Fino al 1916 rappresent\u00f2, per la gente che veniva dai villaggi pi\u00f9 a valle, l\u2019unica via di accesso al capoluogo. Sul parapetto, al centro del ponte, si innalza una magnifica croce in pietra; secondo la memoria popolare, essa fu eretta in ricordo della morte di un uomo precipitato nell\u2019abisso: un operaio intento a smantellare l\u2019impalcatura del ponte oppure un pastore, che sarebbe caduto nell\u2019orrido con un giovane manzo che cercava di salvare.<\/p>\n<p><strong>Curiosit\u00e0 storica<\/strong>: Il ponte vecchio rimpiazz\u00f2 un ponte di legno molto pi\u00f9 antico (almeno del XVI secolo) del quale le spalle sono ancora visibili attualmente, vicino al ponte attuale. Da quanto si apprende da antichi documenti questo ponte di legno era conosciuto con il nome di \u201cgrand pont d\u2019Introd\u201d (gran ponte di Introd).<\/p>\n","protected":false},"excerpt":{"rendered":"<p>Il capoluogo \u00e8 legato ai villaggi a valle da due ponti costruiti sulla dora di Rh\u00eames. Lo pon no\u00f9\u00a0(il ponte nuovo) \u201cEffort uni d\u2019habitants, valeur des repr\u00e9sentants M. Chev. J, Bruil syndic \u2013 G. Rattone d\u00e9put\u00e9, [&hellip;]<\/p>\n","protected":false},"author":41,"featured_media":0,"parent":2383,"menu_order":0,"comment_status":"closed","ping_status":"closed","template":"page-templates\/template-completo.php","meta":{"_lmt_disableupdate":"","_lmt_disable":"","footnotes":""},"class_list":["post-2265","page","type-page","status-publish","hentry"],"aioseo_notices":[],"lang":"it","translations":{"it":2265},"publishpress_future_action":{"enabled":false,"date":"2026-05-24 17:02:25","action":"change-status","newStatus":"draft","terms":[],"taxonomy":"language","extraData":[]},"publishpress_future_workflow_manual_trigger":{"enabledWorkflows":[]},"pll_sync_post":[],"_links":{"self":[{"href":"https:\/\/website.pa-online.it\/introd\/wp-json\/wp\/v2\/pages\/2265","targetHints":{"allow":["GET"]}}],"collection":[{"href":"https:\/\/website.pa-online.it\/introd\/wp-json\/wp\/v2\/pages"}],"about":[{"href":"https:\/\/website.pa-online.it\/introd\/wp-json\/wp\/v2\/types\/page"}],"author":[{"embeddable":true,"href":"https:\/\/website.pa-online.it\/introd\/wp-json\/wp\/v2\/users\/41"}],"replies":[{"embeddable":true,"href":"https:\/\/website.pa-online.it\/introd\/wp-json\/wp\/v2\/comments?post=2265"}],"version-history":[{"count":1,"href":"https:\/\/website.pa-online.it\/introd\/wp-json\/wp\/v2\/pages\/2265\/revisions"}],"predecessor-version":[{"id":2266,"href":"https:\/\/website.pa-online.it\/introd\/wp-json\/wp\/v2\/pages\/2265\/revisions\/2266"}],"up":[{"embeddable":true,"href":"https:\/\/website.pa-online.it\/introd\/wp-json\/wp\/v2\/pages\/2383"}],"wp:attachment":[{"href":"https:\/\/website.pa-online.it\/introd\/wp-json\/wp\/v2\/media?parent=2265"}],"curies":[{"name":"wp","href":"https:\/\/api.w.org\/{rel}","templated":true}]}}